{"id":47,"date":"2015-06-16T15:32:16","date_gmt":"2015-06-16T13:32:16","guid":{"rendered":"http:\/\/localhost:8888\/maria\/?page_id=47"},"modified":"2021-10-05T12:18:17","modified_gmt":"2021-10-05T10:18:17","slug":"benvenuto","status":"publish","type":"page","link":"https:\/\/mariasometti.com\/it\/","title":{"rendered":"Benvenuto"},"content":{"rendered":"<p>Traduttori camminano su questo pianeta dal momento in cui l\u2019impresa con la Torre di Babele non \u00e8 andata a buon fine. Questa professione \u00e8 apparsa proprio quando la gente ha perso la capacit\u00e0 di parlare in una lingua comune.<\/p>\n<p>Con il passare del tempo le funzioni di questo mestiere si sono ampliate. Oggi un traduttore professionale non \u00e8 solo colui che riesce a rendere il messaggio letteralmente. Piuttosto \u00e8 colui che \u00e8 capace di trasmettere tutte le varie sfumature del messaggio, tenendo conto della specificit\u00e0 della situazione nella quale quest\u2019ultimo viene usato.<\/p>\n<p>Durante le trattative il traduttore si presta in qualit\u00e0 del vostro diretto rappresentante e molto spesso il successo della trattativa dipende dalla sua professionalit\u00e0, immagine e autocontrollo.<\/p>\n<p>Durante l\u2019interpretariato simultaneo \u00e8 la responsabilit\u00e0 dell\u2019interprete ad assicurare che il pubblico riceva il messaggio dello speaker, visto che \u00e8 solo l\u2019interprete a fare da tramite tra questi due elementi.<\/p>\n<p>Che dire di traduzioni scritte, dove il traduttore deve essere ferrato praticamente su ogni argomento della vita, intendendosi di politica, economia e molto altro.<\/p>\n<p>Ognuno di noi potrebbe imparare una lingua straniera. Ci\u00f2 comunque non lo fa diventare traduttore, poich\u00e9 questa professione richiede una certa preparazione universitaria, flessibilit\u00e0 della mente ed appropriata esperienza.<\/p>\n","protected":false},"excerpt":{"rendered":"<p>Traduttori camminano su questo pianeta dal momento in cui l\u2019impresa con la Torre di Babele non \u00e8 andata a buon fine. Questa professione \u00e8 apparsa proprio quando la gente ha perso la capacit\u00e0 di parlare in una lingua comune. Con il passare del tempo le funzioni di questo mestiere si sono ampliate. Oggi un traduttore [&hellip;]<\/p>\n","protected":false},"author":1,"featured_media":0,"parent":0,"menu_order":0,"comment_status":"open","ping_status":"open","template":"page-home.php","meta":[],"yoast_head":"<!-- This site is optimized with the Yoast SEO plugin v16.5 - https:\/\/yoast.com\/wordpress\/plugins\/seo\/ -->\n<meta name=\"description\" content=\"Servizi d\u2019interpretariato professionale in Italia nelle combinazioni linguistiche italiano-russo-bielorusso-inglese.\" \/>\n<meta name=\"robots\" content=\"index, follow, max-snippet:-1, max-image-preview:large, max-video-preview:-1\" \/>\n<link rel=\"canonical\" href=\"https:\/\/mariasometti.com\/it\/\" \/>\n<meta property=\"og:locale\" content=\"it_IT\" \/>\n<meta property=\"og:type\" content=\"article\" \/>\n<meta property=\"og:title\" content=\"Benvenuti - Maria Sometti\" \/>\n<meta property=\"og:description\" content=\"Servizi d\u2019interpretariato professionale in Italia nelle combinazioni linguistiche italiano-russo-bielorusso-inglese.\" \/>\n<meta property=\"og:url\" content=\"https:\/\/mariasometti.com\/it\/\" \/>\n<meta property=\"og:site_name\" content=\"Maria Sometti - Russian interpreter &amp; translator\" \/>\n<meta property=\"article:modified_time\" content=\"2021-10-05T10:18:17+00:00\" \/>\n<meta name=\"twitter:card\" content=\"summary\" \/>\n<meta name=\"twitter:label1\" content=\"Tempo di lettura stimato\" \/>\n\t<meta name=\"twitter:data1\" content=\"1 minuto\" \/>\n<script type=\"application\/ld+json\" class=\"yoast-schema-graph\">{\"@context\":\"https:\/\/schema.org\",\"@graph\":[{\"@type\":\"WebSite\",\"@id\":\"https:\/\/mariasometti.com\/#website\",\"url\":\"https:\/\/mariasometti.com\/\",\"name\":\"Maria Sometti - Russian interpreter &amp; translator\",\"description\":\"\",\"potentialAction\":[{\"@type\":\"SearchAction\",\"target\":\"https:\/\/mariasometti.com\/?s={search_term_string}\",\"query-input\":\"required name=search_term_string\"}],\"inLanguage\":\"it-IT\"},{\"@type\":\"WebPage\",\"@id\":\"https:\/\/mariasometti.com\/it\/#webpage\",\"url\":\"https:\/\/mariasometti.com\/it\/\",\"name\":\"Benvenuti - Maria Sometti\",\"isPartOf\":{\"@id\":\"https:\/\/mariasometti.com\/#website\"},\"datePublished\":\"2015-06-16T13:32:16+00:00\",\"dateModified\":\"2021-10-05T10:18:17+00:00\",\"description\":\"Servizi d\\u2019interpretariato professionale in Italia nelle combinazioni linguistiche italiano-russo-bielorusso-inglese.\",\"breadcrumb\":{\"@id\":\"https:\/\/mariasometti.com\/it\/#breadcrumb\"},\"inLanguage\":\"it-IT\",\"potentialAction\":[{\"@type\":\"ReadAction\",\"target\":[\"https:\/\/mariasometti.com\/it\/\"]}]},{\"@type\":\"BreadcrumbList\",\"@id\":\"https:\/\/mariasometti.com\/it\/#breadcrumb\",\"itemListElement\":[{\"@type\":\"ListItem\",\"position\":1,\"name\":\"Home\",\"item\":\"https:\/\/mariasometti.com\/it\/\"},{\"@type\":\"ListItem\",\"position\":2,\"name\":\"Benvenuto\"}]}]}<\/script>\n<!-- \/ Yoast SEO plugin. -->","_links":{"self":[{"href":"https:\/\/mariasometti.com\/it\/wp-json\/wp\/v2\/pages\/47"}],"collection":[{"href":"https:\/\/mariasometti.com\/it\/wp-json\/wp\/v2\/pages"}],"about":[{"href":"https:\/\/mariasometti.com\/it\/wp-json\/wp\/v2\/types\/page"}],"author":[{"embeddable":true,"href":"https:\/\/mariasometti.com\/it\/wp-json\/wp\/v2\/users\/1"}],"replies":[{"embeddable":true,"href":"https:\/\/mariasometti.com\/it\/wp-json\/wp\/v2\/comments?post=47"}],"version-history":[{"count":8,"href":"https:\/\/mariasometti.com\/it\/wp-json\/wp\/v2\/pages\/47\/revisions"}],"predecessor-version":[{"id":1060,"href":"https:\/\/mariasometti.com\/it\/wp-json\/wp\/v2\/pages\/47\/revisions\/1060"}],"wp:attachment":[{"href":"https:\/\/mariasometti.com\/it\/wp-json\/wp\/v2\/media?parent=47"}],"curies":[{"name":"wp","href":"https:\/\/api.w.org\/{rel}","templated":true}]}}