{"id":638,"date":"2021-08-13T13:45:43","date_gmt":"2021-08-13T11:45:43","guid":{"rendered":"http:\/\/mariasometti.com\/verona\/"},"modified":"2021-09-21T22:16:11","modified_gmt":"2021-09-21T20:16:11","slug":"verona","status":"publish","type":"page","link":"https:\/\/mariasometti.com\/it\/verona\/","title":{"rendered":"Verona: verit\u00e0, leggende e miti"},"content":{"rendered":"\n<p>Vi invito a visitare Verona, una citt\u00e0 conosciuta in tutto il mondo e, tuttavia, piena di segreti. La citt\u00e0 di cui scrisse Shakespeare, anche se non ci fu mai stato. Una citt\u00e0 in cui i manufatti dell&#8217;Impero Romano si mescolano coi monumenti della Serenissima Repubblica di Venezia e dove le dinastie regnanti, a volte con astuzia e diplomazia, a volte con sanguinosi omicidi, detennero il potere.<\/p>\n\n\n\n<p>Durante il tour a piedi di tre ore, conosceremo la storia, l&#8217;architettura, i monumenti di Verona e scopriremo anche un po&#8217; di pi\u00f9 la mentalit\u00e0 veronese, in modo che Verona lasci per sempre ricordi bellissimi nella vostra memoria.<\/p>\n\n\n\n<figure class=\"wp-block-image size-large\"><img loading=\"lazy\" width=\"1567\" height=\"600\" src=\"http:\/\/mariasometti.com\/html\/uploads\/2021\/08\/\u0432\u0435\u0440\u043e\u043d\u0430-\u0442\u0443\u0440-1567x600.jpg\" alt=\"\" class=\"wp-image-628\" srcset=\"https:\/\/mariasometti.com\/html\/uploads\/2021\/08\/\u0432\u0435\u0440\u043e\u043d\u0430-\u0442\u0443\u0440-1567x600.jpg 1567w, https:\/\/mariasometti.com\/html\/uploads\/2021\/08\/\u0432\u0435\u0440\u043e\u043d\u0430-\u0442\u0443\u0440-768x294.jpg 768w, https:\/\/mariasometti.com\/html\/uploads\/2021\/08\/\u0432\u0435\u0440\u043e\u043d\u0430-\u0442\u0443\u0440-1536x588.jpg 1536w, https:\/\/mariasometti.com\/html\/uploads\/2021\/08\/\u0432\u0435\u0440\u043e\u043d\u0430-\u0442\u0443\u0440.jpg 1920w\" sizes=\"(max-width: 1567px) 100vw, 1567px\" \/><\/figure>\n","protected":false},"excerpt":{"rendered":"<p>Vi invito a visitare Verona, una citt\u00e0 conosciuta in tutto il mondo e, tuttavia, piena di segreti. La citt\u00e0 di cui scrisse Shakespeare, anche se non ci fu mai stato. Una citt\u00e0 in cui i manufatti dell&#8217;Impero Romano si mescolano coi monumenti della Serenissima Repubblica di Venezia e dove le dinastie regnanti, a volte con [&hellip;]<\/p>\n","protected":false},"author":1,"featured_media":0,"parent":0,"menu_order":0,"comment_status":"closed","ping_status":"closed","template":"services-template.php","meta":[],"yoast_head":"<!-- This site is optimized with the Yoast SEO plugin v16.5 - https:\/\/yoast.com\/wordpress\/plugins\/seo\/ -->\n<meta name=\"robots\" content=\"index, follow, max-snippet:-1, max-image-preview:large, max-video-preview:-1\" \/>\n<link rel=\"canonical\" href=\"https:\/\/mariasometti.com\/it\/verona\/\" \/>\n<meta property=\"og:locale\" content=\"it_IT\" \/>\n<meta property=\"og:type\" content=\"article\" \/>\n<meta property=\"og:title\" content=\"Verona: verit\u00e0, leggende e miti - Maria Sometti - Russian interpreter &amp; translator\" \/>\n<meta property=\"og:description\" content=\"Vi invito a visitare Verona, una citt\u00e0 conosciuta in tutto il mondo e, tuttavia, piena di segreti. La citt\u00e0 di cui scrisse Shakespeare, anche se non ci fu mai stato. Una citt\u00e0 in cui i manufatti dell&#8217;Impero Romano si mescolano coi monumenti della Serenissima Repubblica di Venezia e dove le dinastie regnanti, a volte con [&hellip;]\" \/>\n<meta property=\"og:url\" content=\"https:\/\/mariasometti.com\/it\/verona\/\" \/>\n<meta property=\"og:site_name\" content=\"Maria Sometti - Russian interpreter &amp; translator\" \/>\n<meta property=\"article:modified_time\" content=\"2021-09-21T20:16:11+00:00\" \/>\n<meta property=\"og:image\" content=\"http:\/\/mariasometti.com\/html\/uploads\/2021\/08\/\u0432\u0435\u0440\u043e\u043d\u0430-\u0442\u0443\u0440-1567x600.jpg\" \/>\n<meta name=\"twitter:card\" content=\"summary\" \/>\n<meta name=\"twitter:label1\" content=\"Tempo di lettura stimato\" \/>\n\t<meta name=\"twitter:data1\" content=\"1 minuto\" \/>\n<script type=\"application\/ld+json\" class=\"yoast-schema-graph\">{\"@context\":\"https:\/\/schema.org\",\"@graph\":[{\"@type\":\"WebSite\",\"@id\":\"https:\/\/mariasometti.com\/#website\",\"url\":\"https:\/\/mariasometti.com\/\",\"name\":\"Maria Sometti - Russian interpreter &amp; translator\",\"description\":\"\",\"potentialAction\":[{\"@type\":\"SearchAction\",\"target\":\"https:\/\/mariasometti.com\/?s={search_term_string}\",\"query-input\":\"required name=search_term_string\"}],\"inLanguage\":\"it-IT\"},{\"@type\":\"ImageObject\",\"@id\":\"https:\/\/mariasometti.com\/it\/verona\/#primaryimage\",\"inLanguage\":\"it-IT\",\"url\":\"http:\/\/mariasometti.com\/html\/uploads\/2021\/08\/\\u0432\\u0435\\u0440\\u043e\\u043d\\u0430-\\u0442\\u0443\\u0440-1567x600.jpg\",\"contentUrl\":\"http:\/\/mariasometti.com\/html\/uploads\/2021\/08\/\\u0432\\u0435\\u0440\\u043e\\u043d\\u0430-\\u0442\\u0443\\u0440-1567x600.jpg\"},{\"@type\":\"WebPage\",\"@id\":\"https:\/\/mariasometti.com\/it\/verona\/#webpage\",\"url\":\"https:\/\/mariasometti.com\/it\/verona\/\",\"name\":\"Verona: verit\\u00e0, leggende e miti - Maria Sometti - Russian interpreter &amp; translator\",\"isPartOf\":{\"@id\":\"https:\/\/mariasometti.com\/#website\"},\"primaryImageOfPage\":{\"@id\":\"https:\/\/mariasometti.com\/it\/verona\/#primaryimage\"},\"datePublished\":\"2021-08-13T11:45:43+00:00\",\"dateModified\":\"2021-09-21T20:16:11+00:00\",\"breadcrumb\":{\"@id\":\"https:\/\/mariasometti.com\/it\/verona\/#breadcrumb\"},\"inLanguage\":\"it-IT\",\"potentialAction\":[{\"@type\":\"ReadAction\",\"target\":[\"https:\/\/mariasometti.com\/it\/verona\/\"]}]},{\"@type\":\"BreadcrumbList\",\"@id\":\"https:\/\/mariasometti.com\/it\/verona\/#breadcrumb\",\"itemListElement\":[{\"@type\":\"ListItem\",\"position\":1,\"name\":\"Home\",\"item\":\"https:\/\/mariasometti.com\/it\/\"},{\"@type\":\"ListItem\",\"position\":2,\"name\":\"Verona: verit\\u00e0, leggende e miti\"}]}]}<\/script>\n<!-- \/ Yoast SEO plugin. -->","_links":{"self":[{"href":"https:\/\/mariasometti.com\/it\/wp-json\/wp\/v2\/pages\/638"}],"collection":[{"href":"https:\/\/mariasometti.com\/it\/wp-json\/wp\/v2\/pages"}],"about":[{"href":"https:\/\/mariasometti.com\/it\/wp-json\/wp\/v2\/types\/page"}],"author":[{"embeddable":true,"href":"https:\/\/mariasometti.com\/it\/wp-json\/wp\/v2\/users\/1"}],"replies":[{"embeddable":true,"href":"https:\/\/mariasometti.com\/it\/wp-json\/wp\/v2\/comments?post=638"}],"version-history":[{"count":5,"href":"https:\/\/mariasometti.com\/it\/wp-json\/wp\/v2\/pages\/638\/revisions"}],"predecessor-version":[{"id":1048,"href":"https:\/\/mariasometti.com\/it\/wp-json\/wp\/v2\/pages\/638\/revisions\/1048"}],"wp:attachment":[{"href":"https:\/\/mariasometti.com\/it\/wp-json\/wp\/v2\/media?parent=638"}],"curies":[{"name":"wp","href":"https:\/\/api.w.org\/{rel}","templated":true}]}}